{"id":2,"date":"2025-02-24T14:39:58","date_gmt":"2025-02-24T14:39:58","guid":{"rendered":"https:\/\/advocaciamarimon.com.br\/desportivo\/?page_id=2"},"modified":"2025-09-10T01:06:07","modified_gmt":"2025-09-10T04:06:07","slug":"sample-page","status":"publish","type":"page","link":"https:\/\/advocaciamarimon.com.br\/desportivo\/en\/","title":{"rendered":"PURPOSE"},"content":{"rendered":"<body>\n<section class=\"nossa-historia-box\">\n  <div class=\"nossa-historia-texto\">\n    <h2>OUR HISTORY<\/h2>\n    <p>\n      <strong><em>A. Marimon Sports Consulting<\/em><\/strong> in partnership with\n      <strong><em>A. Marimon Associated Lawyers<\/em><\/strong>, que \u00e9 um participante\n      credenciado no cen\u00e1rio do futebol, atuando como Intermedi\u00e1rio registrado no\n      sistema da <strong><em>CBF \u2013 Brazilian Football Confederation<\/em><\/strong>,\n      unimos excel\u00eancia e inova\u00e7\u00e3o para oferecer um servi\u00e7o exclusivo de\n      gerenciamento e consultoria esportiva, com suporte completo em marketing\n      esportivo e desenvolvimento humano e de carreiras.\n    <\/p>\n    <p>\n      Nosso know-how em administra\u00e7\u00e3o estrat\u00e9gica fortalece nosso papel como\n      facilitadores, atuando com agilidade e precis\u00e3o em cada demanda. Com isso,\n      garantimos um atendimento completo e personalizado aos profissionais do\n      futebol, assegurando que cada decis\u00e3o seja embasada por an\u00e1lises criteriosas\n      e solu\u00e7\u00f5es eficazes.\n    <\/p>\n    <p>\n      Em um mundo cada vez mais din\u00e2mico, onde informa\u00e7\u00f5es qualificadas e\n      estrat\u00e9gias assertivas s\u00e3o determinantes para o sucesso, contar com uma base\n      de apoio confi\u00e1vel faz toda a diferen\u00e7a. \u00c9 nesse contexto que nos destacamos\n      como um verdadeiro pilar de seguran\u00e7a e inova\u00e7\u00e3o, oferecendo aos nossos\n      clientes uma vis\u00e3o ampliada de mercado e suporte cont\u00ednuo em todas as fases\n      de sua trajet\u00f3ria profissional.\n    <\/p>\n    <p>\n      Nosso diferencial est\u00e1 na capacidade de adapta\u00e7\u00e3o e personaliza\u00e7\u00e3o.\n      Analisamos tend\u00eancias, identificamos oportunidades de crescimento e mitigamos\n      riscos, sempre com um olhar atento \u00e0s particularidades de cada cen\u00e1rio. Nossa\n      abordagem vai al\u00e9m das solu\u00e7\u00f5es convencionais, fornecendo insights\n      estrat\u00e9gicos para garantir que cada passo seja dado com confian\u00e7a.\n    <\/p>\n    <p style=\"margin-bottom:0;\">\n      With the <strong><em>A. Marimon Intelligence Center<\/em><\/strong>, voc\u00ea tem a\n      certeza de contar com uma funda\u00e7\u00e3o s\u00f3lida, pronta para impulsionar suas\n      conquistas e tra\u00e7ar um caminho seguro rumo ao sucesso.\n    <\/p>\n  <\/div>\n  <div class=\"nossa-historia-imagem\">\n    <img data-recalc-dims=\"1\" decoding=\"async\" src=\"https:\/\/i0.wp.com\/advocaciamarimon.com.br\/desportivo\/wp-content\/uploads\/2025\/07\/nossa_historia.png?w=750\" alt=\"Foto Nossa Hist\u00f3ria\" loading=\"lazy\">\n  <\/div>\n<\/section>\n\n<\/body>","protected":false},"excerpt":{"rendered":"<p>NOSSA HIST\u00d3RIA A. Marimon Assessoria Desportiva em parceria com a A. Marimon Advogados Associados, que \u00e9 um participante credenciado no cen\u00e1rio do futebol, atuando como Intermedi\u00e1rio registrado no sistema da CBF \u2013 Confedera\u00e7\u00e3o Brasileira de Futebol, unimos excel\u00eancia e inova\u00e7\u00e3o para oferecer um servi\u00e7o exclusivo de gerenciamento e consultoria esportiva, [&hellip;]<\/p>","protected":false},"author":1,"featured_media":12287,"parent":0,"menu_order":0,"comment_status":"closed","ping_status":"open","template":"","meta":{"nf_dc_page":"","_themeisle_gutenberg_block_has_review":false,"footnotes":""},"class_list":["post-2","page","type-page","status-publish","has-post-thumbnail","hentry"],"jetpack_sharing_enabled":true,"_links":{"self":[{"href":"https:\/\/advocaciamarimon.com.br\/desportivo\/en\/wp-json\/wp\/v2\/pages\/2","targetHints":{"allow":["GET"]}}],"collection":[{"href":"https:\/\/advocaciamarimon.com.br\/desportivo\/en\/wp-json\/wp\/v2\/pages"}],"about":[{"href":"https:\/\/advocaciamarimon.com.br\/desportivo\/en\/wp-json\/wp\/v2\/types\/page"}],"author":[{"embeddable":true,"href":"https:\/\/advocaciamarimon.com.br\/desportivo\/en\/wp-json\/wp\/v2\/users\/1"}],"replies":[{"embeddable":true,"href":"https:\/\/advocaciamarimon.com.br\/desportivo\/en\/wp-json\/wp\/v2\/comments?post=2"}],"version-history":[{"count":5,"href":"https:\/\/advocaciamarimon.com.br\/desportivo\/en\/wp-json\/wp\/v2\/pages\/2\/revisions"}],"predecessor-version":[{"id":15461,"href":"https:\/\/advocaciamarimon.com.br\/desportivo\/en\/wp-json\/wp\/v2\/pages\/2\/revisions\/15461"}],"wp:featuredmedia":[{"embeddable":true,"href":"https:\/\/advocaciamarimon.com.br\/desportivo\/en\/wp-json\/wp\/v2\/media\/12287"}],"wp:attachment":[{"href":"https:\/\/advocaciamarimon.com.br\/desportivo\/en\/wp-json\/wp\/v2\/media?parent=2"}],"curies":[{"name":"wp","href":"https:\/\/api.w.org\/{rel}","templated":true}]}}